{"id":442,"date":"2023-12-13T08:16:58","date_gmt":"2023-12-13T08:16:58","guid":{"rendered":"https:\/\/viaclara.eu\/?page_id=442"},"modified":"2023-12-13T08:18:36","modified_gmt":"2023-12-13T08:18:36","slug":"der-weg-von-klara","status":"publish","type":"page","link":"https:\/\/viaclara.eu\/?page_id=442","title":{"rendered":"Der Weg von Klara"},"content":{"rendered":"\n<p>Die Via Clara ist ein Pilgerweg, der zu Fu\u00df oder mit dem Fahrrad zur\u00fcckgelegt werden kann. Sie ehrt die heilige Klara von Assisi, die erste weibliche \u00c4btissin, deren Leben vom Papst gebilligt wurde und die dem Evangelium in Armut, Keuschheit und Gehorsam folgte. Sie war die erste Anh\u00e4ngerin von Franz von Assisi, dem Gr\u00fcnder des Franziskanerordens. Clara lebte im Kloster San Damiano in Assisi (IT), wo sie mit ihren Schwestern, den Claristinnen, ein kontemplatives Leben f\u00fchrte. Die Via Clara verbindet Groningen (NL) mit Assisi (IT), wo Clara in der Basilika Santa Chiara beigesetzt wurde. Auf dem Weg dorthin kommen Sie an mehreren Kirchen, Kl\u00f6stern und spirituellen und and\u00e4chtigen St\u00e4tten vorbei. Die Via Clara wurde 2021 vorgeschlagen, um das 300-j\u00e4hrige Jubil\u00e4um des St.-Josefs-Klosters in Megen (NL) und das 550-j\u00e4hrige Jubil\u00e4um seiner Gemeinschaft zu feiern.<\/p>\n\n\n\n<p>Beeilen Sie sich, handeln Sie, alles muss wirtschaftlich, effektiv und effizient sein, und es gibt keine Zeit zu verlieren. Also besch\u00e4ftigen Sie sich, besch\u00e4ftigen Sie sich, besch\u00e4ftigen Sie sich! Produzieren, denn das bringt Arbeit und Handel hervor, damit das Geld flie\u00dfen kann, denn wenn das Geld nicht flie\u00dft, stagniert die Wirtschaft. Die Freizeit wird immer kostbarer. Auch der Stress nimmt zu, alles wird komplizierter und die Verantwortung w\u00e4chst. Klaras Pilgerweg kann genutzt werden, um sich auf den Weg zu einem leichteren Dasein zu machen.<\/p>\n\n\n\n<p>Tats\u00e4chlich passt die heilige Klara von Assisi (1193-1253) sehr gut in unsere Zeit. Die Via Clara ist eine Antwort auf den &#8220;Druck&#8221;. Clara geht mit einem schnellen und leichten Schritt durch das Leben und schafft Ruhe als Antwort auf ein gesch\u00e4ftiges Dasein. Aber ja, kann man durch Pilgern Frieden erreichen? Man kann dies erreichen, indem man den Frieden in der Natur erf\u00e4hrt. Auf diese Weise schafft man einen sch\u00f6nen Raum in seinem Inneren und mit der Ruhe kann man beginnen, den Raum zu erfahren, indem man sich selbst n\u00e4her kommt. Laut Clara kann dies geschehen, indem man die Grundebene des \u00dcberlebens neu kalibriert, Anpassungen in der eigenen Umgebung vornimmt und die Beziehungen zur Au\u00dfenwelt genauer unter die Lupe nimmt. <\/p>\n\n\n\n<p>Ein ganz anderer Ansatz als der von Clara, die mit 18 Jahren ihr Elternhaus verlie\u00df, um ein \u00e4u\u00dferst strenges, Gott geweihtes Leben zu f\u00fchren. Sie fand Befreiung im Verzicht auf Materielles und k\u00fcmmerte sich stets um die Menschen in ihrer Umgebung und ihre Situation. Auch in Claras Leben war alles sehr vollgepackt und musste schnell, effizient und effektiv erledigt werden. Das mag stressig klingen, aber Clara strahlte ein beruhigendes Licht aus und wo immer sie hinkam, steckte sie jeden, der es h\u00f6ren wollte, mit ihrem Enthusiasmus an.<\/p>\n\n\n\n<p>Es ist in der heutigen Zeit durchaus angebracht, dass jeder herzlich eingeladen ist, Claras Pilgerweg (oder einen Teil davon) zu gehen. Frieden, Regelm\u00e4\u00dfigkeit, kein klingelndes Telefon, kein Internet, keine SMS, keine Zeitung, keine Verpflichtungen, sondern eine feste Regelm\u00e4\u00dfigkeit des Gebets und\/oder der Meditation, schlichte Mahlzeiten, einfache Schlafpl\u00e4tze geben unserem eigenen Dasein, unserem Kopf und unserem K\u00f6rper eine neue Ordnung. Beim Pilgern f\u00fcgen all unsere Bem\u00fchungen unserem Leben keine Tage hinzu, aber mit der richtigen Einstellung k\u00f6nnen wir unseren Tagen &#8220;Leben&#8221; hinzuf\u00fcgen.<\/p>\n\n\n\n<p>Pilgern bedeutet einfach, sich auf einen Weg zu begeben, und dabei ist der Weg selbst das Ziel. Schritt f\u00fcr Schritt kann man alles loslassen und zu sich selbst zur\u00fcckkehren. Das Erbe der heiligen Klara von Assisi hilft uns dabei!<\/p>\n\n\n\n<p>Friede mit Ihnen, gute W\u00fcnsche und m\u00f6ge Ihre Pilgerreise gesegnet sein.<\/p>\n","protected":false},"excerpt":{"rendered":"<p>Die Via Clara ist ein Pilgerweg, der zu Fu\u00df oder mit dem Fahrrad zur\u00fcckgelegt werden kann. Sie ehrt die heilige Klara von Assisi, die erste weibliche \u00c4btissin, deren Leben vom Papst gebilligt wurde und die dem Evangelium in Armut, Keuschheit und Gehorsam folgte. Sie war die erste Anh\u00e4ngerin von Franz von Assisi, dem Gr\u00fcnder des &hellip; <\/p>\n","protected":false},"author":3,"featured_media":0,"parent":0,"menu_order":0,"comment_status":"closed","ping_status":"closed","template":"","meta":{"footnotes":""},"class_list":["post-442","page","type-page","status-publish","hentry"],"_links":{"self":[{"href":"https:\/\/viaclara.eu\/index.php?rest_route=\/wp\/v2\/pages\/442","targetHints":{"allow":["GET"]}}],"collection":[{"href":"https:\/\/viaclara.eu\/index.php?rest_route=\/wp\/v2\/pages"}],"about":[{"href":"https:\/\/viaclara.eu\/index.php?rest_route=\/wp\/v2\/types\/page"}],"author":[{"embeddable":true,"href":"https:\/\/viaclara.eu\/index.php?rest_route=\/wp\/v2\/users\/3"}],"replies":[{"embeddable":true,"href":"https:\/\/viaclara.eu\/index.php?rest_route=%2Fwp%2Fv2%2Fcomments&post=442"}],"version-history":[{"count":3,"href":"https:\/\/viaclara.eu\/index.php?rest_route=\/wp\/v2\/pages\/442\/revisions"}],"predecessor-version":[{"id":445,"href":"https:\/\/viaclara.eu\/index.php?rest_route=\/wp\/v2\/pages\/442\/revisions\/445"}],"wp:attachment":[{"href":"https:\/\/viaclara.eu\/index.php?rest_route=%2Fwp%2Fv2%2Fmedia&parent=442"}],"curies":[{"name":"wp","href":"https:\/\/api.w.org\/{rel}","templated":true}]}}