{"id":40,"date":"2022-12-13T12:22:14","date_gmt":"2022-12-13T12:22:14","guid":{"rendered":"http:\/\/viaclara.eu\/?page_id=40"},"modified":"2025-01-28T13:51:57","modified_gmt":"2025-01-28T13:51:57","slug":"home","status":"publish","type":"page","link":"https:\/\/viaclara.eu\/","title":{"rendered":"Home"},"content":{"rendered":"\n<p class=\"has-text-align-center\"><strong>This site is currently being built and will be finalised by winter 2025. <\/strong><\/p>\n\n\n\n<p class=\"has-text-align-center\"><strong>The cycling routes are already available.<\/strong><\/p>\n\n\n\n<p><a href=\"#NL\">Voorwoord<\/a> &#8211; <a href=\"#EN\">Foreword<\/a> &#8211; <a href=\"#FR\">Avant-Propos<\/a> &#8211; <a href=\"#DE\">Vortwort<\/a><\/p>\n\n\n\n<div class=\"wp-block-group is-vertical is-layout-flex wp-container-core-group-is-layout-1 wp-block-group-is-layout-flex\">\n<h2 class=\"wp-block-heading\" id=\"NL\">NL &#8211; Voorwoord<\/h2>\n\n\n\n<p id=\"NLvoorwoord\">Clara\u2019s pelgrimsroute, startend bij de Sint-Jozefkathedraal in Groningen (NL) en ook wel Via Clara en in Nederland het Clarapad genoemd, is een langeafstandsroute in afzonderlijke trajecten&nbsp; naar de Basiliek Santa-Chiara (IT) waar Clara opgebaard ligt.<\/p>\n\n\n\n<p>Wie in het voorjaar de vogels hoort kwinkeleren, krijgt spontaan het verlangen naar een wandeling in de bossen of weidse gebieden. Misschien heeft deze prille voorjaarservaring u wel het plan voor een volgende vakantie doen rijpen om de Via Clara te volgen. U gaat op pad met Clara als reisgenoot. Of u zoekt een plek met stilte om een innerlijke pelgrimstocht te ondernemen, zoals Clara van Assisi dat gedaan heeft.&nbsp; Wie was zij? Wat heeft haar bezield om te kiezen voor een leven in een klooster? Ze verlangde, zoals Franciscus van Assisi, Jezus Christus na te volgen in zijn armoede en betrokken te blijven op mensen die gebrek hadden aan de allernoodzakelijkste levensbehoeften. Als kind ging ze samen met haar moeder naar de arme mensen die buiten de stadsmuren woonden en verbleven, te ondersteunen.<\/p>\n\n\n\n<p>Materialistisch heeft Clara niets nagelaten. Haar gedachtengoed, levensvorm en testament gelukkig wel. Laat Clara\u2019s licht bijschijnen op de weg van deze unieke pelgrimsroute.<\/p>\n\n\n\n<p>Bij de voorbereiding van uw pelgrimsroute Via Clara\/Clarapad is het verstandig om te kijken op: <a href=\"http:\/\/www.pelgrimsrouteclarapad.nl\"><strong>www.pelgrimsrouteclarapad.nl<\/strong><\/a><strong> <\/strong>en<strong> <a href=\"http:\/\/www.viaclara.eu\">www.viaclara.eu<\/a><\/strong><\/p>\n<\/div>\n\n\n\n<div class=\"wp-block-group is-vertical is-layout-flex wp-container-core-group-is-layout-2 wp-block-group-is-layout-flex\">\n<h2 class=\"wp-block-heading\" id=\"EN\">EN &#8211; Foreword<\/h2>\n\n\n\n<p>Clara&#8217;s pilgrimage route, starting at St. Joseph&#8217;s Cathedral in Groningen (NL) and also called Via Clara and in the Netherlands the Clara path, is a long-distance route in separate sections to the Basilica Santa-Chiara (IT) where Clara is laid to rest.<\/p>\n\n\n\n<p id=\"ENForeword\">Those who hear the birds chirping in the spring spontaneously get the desire for a walk in the woods or wide open spaces. Perhaps this early spring experience has made you plan for your next vacation to follow the Via Clara. You set out with Clara as your travel companion. Or you may seek a place with silence to undertake an inner pilgrimage, as Clare of Assisi did. Who was she? What inspired her to choose a life in a monastery? She longed, like Francis of Assisi, to imitate Jesus Christ in his poverty and to remain involved with people who lacked the bare necessities of life. As a child, she went with her mother to support the poor people who lived and resided outside the city walls.<\/p>\n\n\n\n<p>Materialistically, Clara left nothing behind. Her thoughts, life form and will fortunately did. Let Clara&#8217;s light shine by on the way of this unique pilgrimage route.<\/p>\n\n\n\n<p>In preparing for your Via Clara\/Clara pilgrimage path, it is wise to check out: <a href=\"http:\/\/www.pelgrimsrouteclarapad.nl\">www.pelgrimsrouteclarapad.nl<\/a> and <a href=\"http:\/\/www.viaclara.eu\">www.viaclara.eu<\/a><\/p>\n<\/div>\n\n\n\n<div class=\"wp-block-group is-vertical is-layout-flex wp-container-core-group-is-layout-3 wp-block-group-is-layout-flex\">\n<h2 class=\"wp-block-heading\" id=\"FR\">FR &#8211; Avant-propos<\/h2>\n\n\n\n<p>Le chemin de p\u00e8lerinage de Clara, qui part de la Sint-Jozefkathedraal (Cath\u00e9drale Saint Joseph) \u00e0 Groningen (NL) et qui est \u00e9galement appel\u00e9 Via Clara et, aux Pays-Bas, chemin de Clara, est un itin\u00e9raire de longue distance en plusieurs tron\u00e7ons jusqu&#8217;\u00e0 la basilique Santa-Chiara (IT) o\u00f9 Clara repose.<\/p>\n\n\n\n<p>Si vous entendez le gazouillis des oiseaux au printemps, vous avez spontan\u00e9ment envie de vous promener dans les bois ou les grands espaces. Cette exp\u00e9rience printani\u00e8re pr\u00e9coce vous a peut-\u00eatre incit\u00e9 \u00e0 planifier vos prochaines vacances en suivant la Via Clara. Vous partez avec Clara comme compagne de voyage. Ou bien vous cherchez un lieu de silence pour entreprendre un p\u00e8lerinage int\u00e9rieur, \u00e0 l&#8217;instar de Claire d&#8217;Assise. Qui \u00e9tait-elle ? Qu&#8217;est-ce qui l&#8217;a pouss\u00e9e \u00e0 choisir une vie dans un couvent ? Comme Fran\u00e7ois d&#8217;Assise, elle souhaitait imiter J\u00e9sus-Christ dans sa pauvret\u00e9 et s&#8217;engager aupr\u00e8s des personnes qui manquaient du strict n\u00e9cessaire. Enfant, elle accompagnait sa m\u00e8re pour soutenir les pauvres qui vivaient et r\u00e9sidaient en dehors des murs de la ville.<\/p>\n\n\n\n<p>Sur le plan mat\u00e9riel, Clara n&#8217;a rien laiss\u00e9 derri\u00e8re elle. Ses pens\u00e9es, sa forme de vie et sa volont\u00e9, elles, sont heureusement rest\u00e9es. Laissez la lumi\u00e8re de Clara briller sur le chemin de cette route de p\u00e8lerinage unique.<\/p>\n\n\n\n<p>Pour pr\u00e9parer votre itin\u00e9raire de p\u00e8lerinage Via Clara\/Clara, il est conseill\u00e9 de consulter les sites suivants : <a href=\"http:\/\/www.pelgrimsrouteclarapad.nl\">www.pelgrimsrouteclarapad.nl<\/a> et <a href=\"http:\/\/www.viaclara.eu\">www.viaclara.eu<\/a>.<\/p>\n<\/div>\n\n\n\n<div class=\"wp-block-group is-vertical is-layout-flex wp-container-core-group-is-layout-4 wp-block-group-is-layout-flex\">\n<h2 class=\"wp-block-heading\" id=\"DE\">DE &#8211; Vorwort<\/h2>\n\n\n\n<p>Der Clara-Pilgerweg, der an der Sint-Jozefkathedraal in Groningen (NL) beginnt und auch Via Clara oder in den Niederlanden Clara-Weg genannt wird, ist ein Fernwanderweg, der in einzelnen Abschnitten zur Basilika Santa-Chiara (IT) f\u00fchrt, wo Clara ruht.<\/p>\n\n\n\n<p id=\"DEVorwort\">Wenn man im Fr\u00fchling die V\u00f6gel zwitschern h\u00f6rt, bekommt man spontan Lust auf einen Spaziergang im Wald oder in der freien Natur. Vielleicht hat Sie diese Erfahrung im Vorfr\u00fchling dazu gebracht, Ihren n\u00e4chsten Urlaub auf der Via Clara zu planen. Sie machen sich mit Clara als Reisebegleiterin auf den Weg. Oder Sie suchen einen Ort der Stille, um eine innere Pilgerreise zu unternehmen, wie es Klara von Assisi tat.&nbsp; Wer war sie? Was inspirierte sie dazu, ein Leben im Kloster zu w\u00e4hlen? Sie sehnte sich wie Franz von Assisi danach, Jesus Christus in seiner Armut nachzuahmen und sich mit Menschen zu besch\u00e4ftigen, denen es am N\u00f6tigsten fehlt. Als Kind begleitete sie ihre Mutter, um arme Menschen zu unterst\u00fctzen, die au\u00dferhalb der Stadtmauern lebten und wohnten.<\/p>\n\n\n\n<p>Materiell lie\u00df Clara nichts zur\u00fcck. Ihre Gedanken, ihre Lebensform und ihr Wille zum Gl\u00fcck schon. Lassen Sie Claras Licht auf dem Weg dieser einzigartigen Pilgerroute leuchten.<\/p>\n\n\n\n<p>Bei der Vorbereitung Ihrer Via Clara\/Clara-Pilgerroute ist es ratsam, sich zu informieren: <a href=\"http:\/\/www.pelgrimsrouteclarapad.nl\">www.pelgrimsrouteclarapad.nl<\/a> und <a href=\"http:\/\/www.viaclara.eu\">www.viaclara.eu<\/a><\/p>\n<\/div>\n","protected":false},"excerpt":{"rendered":"<p>This site is currently being built and will be finalised by winter 2025. The cycling routes are already available. Voorwoord &#8211; Foreword &#8211; Avant-Propos &#8211; Vortwort NL &#8211; Voorwoord Clara\u2019s pelgrimsroute, startend bij de Sint-Jozefkathedraal in Groningen (NL) en ook wel Via Clara en in Nederland het Clarapad genoemd, is een langeafstandsroute in afzonderlijke trajecten&nbsp; &hellip; <\/p>\n","protected":false},"author":3,"featured_media":0,"parent":0,"menu_order":0,"comment_status":"closed","ping_status":"closed","template":"","meta":{"footnotes":""},"class_list":["post-40","page","type-page","status-publish","hentry"],"_links":{"self":[{"href":"https:\/\/viaclara.eu\/index.php?rest_route=\/wp\/v2\/pages\/40","targetHints":{"allow":["GET"]}}],"collection":[{"href":"https:\/\/viaclara.eu\/index.php?rest_route=\/wp\/v2\/pages"}],"about":[{"href":"https:\/\/viaclara.eu\/index.php?rest_route=\/wp\/v2\/types\/page"}],"author":[{"embeddable":true,"href":"https:\/\/viaclara.eu\/index.php?rest_route=\/wp\/v2\/users\/3"}],"replies":[{"embeddable":true,"href":"https:\/\/viaclara.eu\/index.php?rest_route=%2Fwp%2Fv2%2Fcomments&post=40"}],"version-history":[{"count":14,"href":"https:\/\/viaclara.eu\/index.php?rest_route=\/wp\/v2\/pages\/40\/revisions"}],"predecessor-version":[{"id":717,"href":"https:\/\/viaclara.eu\/index.php?rest_route=\/wp\/v2\/pages\/40\/revisions\/717"}],"wp:attachment":[{"href":"https:\/\/viaclara.eu\/index.php?rest_route=%2Fwp%2Fv2%2Fmedia&parent=40"}],"curies":[{"name":"wp","href":"https:\/\/api.w.org\/{rel}","templated":true}]}}